{"id":525,"date":"2024-10-04T07:36:31","date_gmt":"2024-10-04T07:36:31","guid":{"rendered":"https:\/\/villa-lucija.eu\/pravila-privatnosti\/"},"modified":"2024-10-04T07:54:20","modified_gmt":"2024-10-04T07:54:20","slug":"datenschutzrichtlinie","status":"publish","type":"page","link":"https:\/\/villa-lucija.eu\/de\/datenschutzrichtlinie\/","title":{"rendered":"Datenschutzrichtlinie"},"content":{"rendered":"\n<p><em><strong>Der Schutz der Privatsph\u00e4re unserer Besucher ist eine unserer Priorit\u00e4ten. Wir laden Sie daher ein, die unten aufgef\u00fchrten Datenschutzbedingungen zu lesen.<\/strong><\/em><\/p>\n\n\n\n<p><em><strong>Welche Daten werden erhoben?<\/strong><\/em><\/p>\n\n\n\n<h4 class=\"wp-block-heading\">Browsing-Daten<\/h4>\n\n\n\n<p>Bei der Nutzung \u00fcbernehmen Informations- und Kommunikationssysteme und Softwareverfahren zur Verwaltung der Website einige personenbezogene Daten, deren \u00dcbermittlung die Grundlage f\u00fcr die Nutzung von Internet-Kommunikationsprotokollen ist.<\/p>\n\n\n\n<p>Dabei handelt es sich um Daten, die nicht bestimmten Personen zugeordnet werden k\u00f6nnen, aber aufgrund ihrer Beschaffenheit durch Verarbeitung und Verbindung mit Daten Dritter eine Identifizierung des Nutzers oder Informationen \u00fcber ihn erm\u00f6glichen k\u00f6nnten.<\/p>\n\n\n\n<p>Zu dieser Datenkategorie geh\u00f6ren die IP-Adresse oder Dom\u00e4nennamen der Computer, die von Benutzern verwendet werden, die eine Verbindung zur Website herstellen, URI-Adressen (Uniform Resource Identifier) \u200b\u200bder angeforderten Ressourcen, der Zeitpunkt der Anfrage, die zum Senden der Anfrage an den Server verwendete Methode und die Gr\u00f6\u00dfe der als Antwort empfangenen Datei, numerischer Code, der den Status der Serverantwort angibt (erfolgreich, Fehler usw.) und andere Parameter im Zusammenhang mit dem Betriebssystem und den Benutzern.<\/p>\n\n\n\n<p>Die angegebenen Daten werden ausschlie\u00dflich zur Erhebung anonymer statistischer Datens\u00e4tze der Website und zur \u00dcberpr\u00fcfung der ordnungsgem\u00e4\u00dfen Funktion verwendet und nach der Verarbeitung unverz\u00fcglich gel\u00f6scht.<\/p>\n\n\n\n<h4 class=\"wp-block-heading\">Kekse<\/h4>\n\n\n\n<p>Cookies sind Textdateien, die auf Ihrem Computer abgelegt werden, um Standard-Internetinformationen und Informationen \u00fcber das Besucherverhalten zu sammeln.<\/p>\n\n\n\n<p>Diese Informationen werden verwendet, um die Website-Nutzung zu \u00fcberwachen und statistische Berichte \u00fcber die Website-Aktivit\u00e4t zu erstellen. Sie k\u00f6nnen Ihren Browser so einstellen, dass keine Cookies gespeichert werden. In bestimmten F\u00e4llen erfordern einige Funktionen unserer Website jedoch Cookies und funktionieren m\u00f6glicherweise nicht, wenn Sie diese nicht akzeptieren.<\/p>\n\n\n\n<h4 class=\"wp-block-heading\">Welche Informationen sammeln wir \u00fcber Sie?<\/h4>\n\n\n\n<p>Villa Lucija kann die folgenden Informationen \u00fcber Sie sammeln:<\/p>\n\n\n\n<ul class=\"wp-block-list\">\n<li>Kontaktinformationen: Vor- und Nachname, E-Mail-Adresse<\/li>\n\n\n\n<li>Ihre Interessen im Zusammenhang mit der Nutzung unserer Website: die Art und Weise, wie Sie unsere Website nutzen, welche Artikel-\/Dienstleistungsgruppe in Ihrem Interessenbereich liegt.<\/li>\n<\/ul>\n\n\n\n<p>Mithilfe von Cookies werden Informationen \u00fcber die Nutzung der Website gesammelt.<\/p>\n\n\n\n<h4 class=\"wp-block-heading\">Wie werden wir Informationen \u00fcber Sie verwenden?<\/h4>\n\n\n\n<p>Wir erfassen statistische Daten \u00fcber Besuche, um unsere Websites zu optimieren. Villa Lucija wird Ihre Daten nicht zu Marketing- oder anderen Zwecken an andere Unternehmen weitergeben. Wir werden Ihre personenbezogenen Daten nicht in einer Weise verarbeiten, die nicht in dieser Datenschutzerkl\u00e4rung beschrieben ist. Wir werden Ihre personenbezogenen Daten angemessen und relevant verarbeiten und sie unter Ber\u00fccksichtigung des Zwecks, f\u00fcr den die Daten verwendet werden, auf das Notwendige beschr\u00e4nken. Bei der Verarbeitung nutzen wir die bestm\u00f6glichen technischen Datenschutz- und Verschl\u00fcsselungsm\u00f6glichkeiten.<\/p>\n\n\n\n<p>Ihre personenbezogenen Daten werden nur zu dem angegebenen Zweck verarbeitet.<\/p>\n\n\n\n<h4 class=\"wp-block-heading\">Zugriff auf Ihre Informationen, \u00c4nderungen und andere Rechte<\/h4>\n\n\n\n<p>Sie haben das Recht, eine Kopie der von uns \u00fcber Sie gespeicherten Daten anzufordern. Wenn Sie eine Kopie Ihrer pers\u00f6nlichen Daten w\u00fcnschen, kontaktieren Sie uns bitte per E-Mail unter kikibegovic@gmail.com.<\/p>\n\n\n\n<p>Wir m\u00f6chten sicherstellen, dass Ihre pers\u00f6nlichen Daten korrekt und aktuell sind. Daher k\u00f6nnen Sie uns bitten, falsche Informationen zu korrigieren oder zu entfernen. Sie k\u00f6nnen auch verlangen, dass wir alle Ihre von uns gespeicherten personenbezogenen Daten l\u00f6schen.<\/p>\n\n\n\n<h4 class=\"wp-block-heading\">Rechte bez\u00fcglich personenbezogener Daten<\/h4>\n\n\n\n<p>Die Datenschutz-Grundverordnung (DSGVO) ist eine Verordnung der Europ\u00e4ischen Union, die Ihre personenbezogenen Daten sch\u00fctzt und vorschreibt, dass diese im Einklang mit dem Gesetz und unter strengen Bedingungen und f\u00fcr einen legitimen Zweck erhoben werden. Personen oder Organisationen, die Ihre personenbezogenen Daten sammeln und verwalten, m\u00fcssen diese vor Missbrauch sch\u00fctzen und bestimmte durch EU-Recht garantierte Rechte der Dateneigent\u00fcmer respektieren. Villa Lucija ist sich der Ernsthaftigkeit der Verordnung bewusst und garantiert ihren Besuchern und Kunden alle Rechte, die auf der DSGVO-Verordnung basieren, n\u00e4mlich: das Recht auf Zugang, das Recht auf Berichtigung, das Recht auf Vergessenwerden, das Recht auf Einschr\u00e4nkung der Verarbeitung, das Recht auf \u2026 \u00dcbertragbarkeit, das Recht auf Widerspruch, das Recht, nicht der automatisierten Verarbeitung personenbezogener Daten zu unterliegen, das Recht, Beschwerden einzureichen und das Recht auf Schadensersatz.<\/p>\n\n\n\n<p>Wenn Sie von einem dieser Rechte Gebrauch machen, pr\u00fcfen wir die G\u00fcltigkeit Ihres Rechts und beantworten jede Anfrage unverz\u00fcglich, sp\u00e4testens jedoch innerhalb von drei\u00dfig Tagen. In komplexen F\u00e4llen oder wenn eine gro\u00dfe Anzahl von Anfragen eingeht, kann diese Frist um weitere 60 Tage verl\u00e4ngert werden, wor\u00fcber wir Sie informieren werden.<\/p>\n","protected":false},"excerpt":{"rendered":"<p>Der Schutz der Privatsph\u00e4re unserer Besucher ist eine unserer Priorit\u00e4ten. Wir laden Sie daher ein, die unten aufgef\u00fchrten Datenschutzbedingungen zu lesen. Welche Daten werden erhoben? Browsing-Daten Bei der Nutzung \u00fcbernehmen Informations- und Kommunikationssysteme und Softwareverfahren zur Verwaltung der Website einige personenbezogene Daten, deren \u00dcbermittlung die Grundlage f\u00fcr die Nutzung von Internet-Kommunikationsprotokollen ist. Dabei handelt es [&hellip;]<\/p>\n","protected":false},"author":1,"featured_media":359,"parent":0,"menu_order":0,"comment_status":"closed","ping_status":"closed","template":"","meta":{"_acf_changed":false,"footnotes":""},"class_list":["post-525","page","type-page","status-publish","has-post-thumbnail","hentry"],"acf":[],"_links":{"self":[{"href":"https:\/\/villa-lucija.eu\/de\/wp-json\/wp\/v2\/pages\/525","targetHints":{"allow":["GET"]}}],"collection":[{"href":"https:\/\/villa-lucija.eu\/de\/wp-json\/wp\/v2\/pages"}],"about":[{"href":"https:\/\/villa-lucija.eu\/de\/wp-json\/wp\/v2\/types\/page"}],"author":[{"embeddable":true,"href":"https:\/\/villa-lucija.eu\/de\/wp-json\/wp\/v2\/users\/1"}],"replies":[{"embeddable":true,"href":"https:\/\/villa-lucija.eu\/de\/wp-json\/wp\/v2\/comments?post=525"}],"version-history":[{"count":1,"href":"https:\/\/villa-lucija.eu\/de\/wp-json\/wp\/v2\/pages\/525\/revisions"}],"predecessor-version":[{"id":527,"href":"https:\/\/villa-lucija.eu\/de\/wp-json\/wp\/v2\/pages\/525\/revisions\/527"}],"wp:featuredmedia":[{"embeddable":true,"href":"https:\/\/villa-lucija.eu\/de\/wp-json\/wp\/v2\/media\/359"}],"wp:attachment":[{"href":"https:\/\/villa-lucija.eu\/de\/wp-json\/wp\/v2\/media?parent=525"}],"curies":[{"name":"wp","href":"https:\/\/api.w.org\/{rel}","templated":true}]}}